{"id":26,"date":"2025-09-05T17:00:56","date_gmt":"2025-09-05T17:00:56","guid":{"rendered":"https:\/\/artisa-nana.ovh\/?page_id=26"},"modified":"2025-10-01T20:50:08","modified_gmt":"2025-10-01T18:50:08","slug":"initiation-decouverte-tournage","status":"publish","type":"page","link":"https:\/\/artisa-nana.ovh\/index.php\/mes-ateliers\/initiation-decouverte-tournage\/","title":{"rendered":"Initiation d\u00e9couverte tournage"},"content":{"rendered":"\n<p>O\u00f9&nbsp;: dans mon atelier \u00e0 Plouha.<\/p>\n\n\n\n<p>Quand&nbsp;: souvent durant les petites vacances scolaires (voir rubrique mon actualit\u00e9).<\/p>\n\n\n\n<p>Comment&nbsp;: 2 enfants qui observent la partie tournage puis poncent \u00e0 la main leur toupie avant de passer \u00e0 la d\u00e9coration (tout le n\u00e9cessaire est fourni).<\/p>\n\n\n\n<p>Dur\u00e9e&nbsp;: de 14h \u00e0 16h30 avec le go\u00fbter offert.<\/p>\n\n\n\n<p>Combien&nbsp;: 32\u20ac (30 \u20ac si fr\u00e8re\/s\u0153ur ou cousins).<\/p>\n\n\n\n<p><\/p>\n","protected":false},"excerpt":{"rendered":"<p>O\u00f9&nbsp;: dans mon atelier \u00e0 Plouha. Quand&nbsp;: souvent durant les petites vacances scolaires (voir rubrique mon actualit\u00e9). Comment&nbsp;: 2 enfants qui observent la partie tournage puis poncent \u00e0 la main leur toupie avant de passer \u00e0 la d\u00e9coration (tout le n\u00e9cessaire est fourni). Dur\u00e9e&nbsp;: de 14h \u00e0 16h30 avec le go\u00fbter offert. Combien&nbsp;: 32\u20ac (30 &hellip; <\/p>\n<p class=\"link-more\"><a href=\"https:\/\/artisa-nana.ovh\/index.php\/mes-ateliers\/initiation-decouverte-tournage\/\" class=\"more-link\">Lire la suite de<span class=\"screen-reader-text\">\u00ab\u00a0Initiation d\u00e9couverte tournage\u00a0\u00bb<\/span><\/a><\/p>\n","protected":false},"author":1,"featured_media":0,"parent":174,"menu_order":0,"comment_status":"closed","ping_status":"closed","template":"","meta":{"_vp_format_video_url":"","_vp_image_focal_point":[],"footnotes":""},"class_list":["post-26","page","type-page","status-publish","hentry"],"yoast_head":"<!-- This site is optimized with the Yoast SEO plugin v26.7 - https:\/\/yoast.com\/wordpress\/plugins\/seo\/ -->\n<title>Initiation d\u00e9couverte tournage - Artisa-nAnA<\/title>\n<meta name=\"robots\" content=\"index, follow, max-snippet:-1, max-image-preview:large, max-video-preview:-1\" \/>\n<link rel=\"canonical\" href=\"http:\/\/artisa-nana.ovh\/index.php\/mes-ateliers\/initiation-decouverte-tournage\/\" \/>\n<meta property=\"og:locale\" content=\"fr_FR\" \/>\n<meta property=\"og:type\" content=\"article\" \/>\n<meta property=\"og:title\" content=\"Initiation d\u00e9couverte tournage - Artisa-nAnA\" \/>\n<meta property=\"og:description\" content=\"O\u00f9&nbsp;: dans mon atelier \u00e0 Plouha. Quand&nbsp;: souvent durant les petites vacances scolaires (voir rubrique mon actualit\u00e9). Comment&nbsp;: 2 enfants qui observent la partie tournage puis poncent \u00e0 la main leur toupie avant de passer \u00e0 la d\u00e9coration (tout le n\u00e9cessaire est fourni). Dur\u00e9e&nbsp;: de 14h \u00e0 16h30 avec le go\u00fbter offert. Combien&nbsp;: 32\u20ac (30 &hellip; Lire la suite de\u00ab\u00a0Initiation d\u00e9couverte tournage\u00a0\u00bb\" \/>\n<meta property=\"og:url\" content=\"http:\/\/artisa-nana.ovh\/index.php\/mes-ateliers\/initiation-decouverte-tournage\/\" \/>\n<meta property=\"og:site_name\" content=\"Artisa-nAnA\" \/>\n<meta property=\"article:modified_time\" content=\"2025-10-01T18:50:08+00:00\" \/>\n<meta name=\"twitter:card\" content=\"summary_large_image\" \/>\n<meta name=\"twitter:label1\" content=\"Dur\u00e9e de lecture estim\u00e9e\" \/>\n\t<meta name=\"twitter:data1\" content=\"1 minute\" \/>\n<script type=\"application\/ld+json\" class=\"yoast-schema-graph\">{\"@context\":\"https:\/\/schema.org\",\"@graph\":[{\"@type\":\"WebPage\",\"@id\":\"http:\/\/artisa-nana.ovh\/index.php\/mes-ateliers\/initiation-decouverte-tournage\/\",\"url\":\"http:\/\/artisa-nana.ovh\/index.php\/mes-ateliers\/initiation-decouverte-tournage\/\",\"name\":\"Initiation d\u00e9couverte tournage - Artisa-nAnA\",\"isPartOf\":{\"@id\":\"http:\/\/artisa-nana.ovh\/#website\"},\"datePublished\":\"2025-09-05T17:00:56+00:00\",\"dateModified\":\"2025-10-01T18:50:08+00:00\",\"breadcrumb\":{\"@id\":\"http:\/\/artisa-nana.ovh\/index.php\/mes-ateliers\/initiation-decouverte-tournage\/#breadcrumb\"},\"inLanguage\":\"fr-FR\",\"potentialAction\":[{\"@type\":\"ReadAction\",\"target\":[\"http:\/\/artisa-nana.ovh\/index.php\/mes-ateliers\/initiation-decouverte-tournage\/\"]}]},{\"@type\":\"BreadcrumbList\",\"@id\":\"http:\/\/artisa-nana.ovh\/index.php\/mes-ateliers\/initiation-decouverte-tournage\/#breadcrumb\",\"itemListElement\":[{\"@type\":\"ListItem\",\"position\":1,\"name\":\"Home\",\"item\":\"http:\/\/artisa-nana.ovh\/\"},{\"@type\":\"ListItem\",\"position\":2,\"name\":\"Mes ateliers\",\"item\":\"http:\/\/artisa-nana.ovh\/index.php\/mes-ateliers\/\"},{\"@type\":\"ListItem\",\"position\":3,\"name\":\"Initiation d\u00e9couverte tournage\"}]},{\"@type\":\"WebSite\",\"@id\":\"http:\/\/artisa-nana.ovh\/#website\",\"url\":\"http:\/\/artisa-nana.ovh\/\",\"name\":\"Artisa-nAnA\",\"description\":\"Cr\u00e9ations orginales en bois et en c\u00e9ramique\",\"publisher\":{\"@id\":\"http:\/\/artisa-nana.ovh\/#organization\"},\"potentialAction\":[{\"@type\":\"SearchAction\",\"target\":{\"@type\":\"EntryPoint\",\"urlTemplate\":\"http:\/\/artisa-nana.ovh\/?s={search_term_string}\"},\"query-input\":{\"@type\":\"PropertyValueSpecification\",\"valueRequired\":true,\"valueName\":\"search_term_string\"}}],\"inLanguage\":\"fr-FR\"},{\"@type\":\"Organization\",\"@id\":\"http:\/\/artisa-nana.ovh\/#organization\",\"name\":\"Artisa-nAnA\",\"url\":\"http:\/\/artisa-nana.ovh\/\",\"logo\":{\"@type\":\"ImageObject\",\"inLanguage\":\"fr-FR\",\"@id\":\"http:\/\/artisa-nana.ovh\/#\/schema\/logo\/image\/\",\"url\":\"https:\/\/artisa-nana.ovh\/wp-content\/uploads\/2026\/01\/cropped-cropped-402648859_122094004934131840_6360812511025215828_n.jpg\",\"contentUrl\":\"https:\/\/artisa-nana.ovh\/wp-content\/uploads\/2026\/01\/cropped-cropped-402648859_122094004934131840_6360812511025215828_n.jpg\",\"width\":450,\"height\":448,\"caption\":\"Artisa-nAnA\"},\"image\":{\"@id\":\"http:\/\/artisa-nana.ovh\/#\/schema\/logo\/image\/\"}}]}<\/script>\n<!-- \/ Yoast SEO plugin. -->","yoast_head_json":{"title":"Initiation d\u00e9couverte tournage - Artisa-nAnA","robots":{"index":"index","follow":"follow","max-snippet":"max-snippet:-1","max-image-preview":"max-image-preview:large","max-video-preview":"max-video-preview:-1"},"canonical":"http:\/\/artisa-nana.ovh\/index.php\/mes-ateliers\/initiation-decouverte-tournage\/","og_locale":"fr_FR","og_type":"article","og_title":"Initiation d\u00e9couverte tournage - Artisa-nAnA","og_description":"O\u00f9&nbsp;: dans mon atelier \u00e0 Plouha. Quand&nbsp;: souvent durant les petites vacances scolaires (voir rubrique mon actualit\u00e9). Comment&nbsp;: 2 enfants qui observent la partie tournage puis poncent \u00e0 la main leur toupie avant de passer \u00e0 la d\u00e9coration (tout le n\u00e9cessaire est fourni). Dur\u00e9e&nbsp;: de 14h \u00e0 16h30 avec le go\u00fbter offert. Combien&nbsp;: 32\u20ac (30 &hellip; Lire la suite de\u00ab\u00a0Initiation d\u00e9couverte tournage\u00a0\u00bb","og_url":"http:\/\/artisa-nana.ovh\/index.php\/mes-ateliers\/initiation-decouverte-tournage\/","og_site_name":"Artisa-nAnA","article_modified_time":"2025-10-01T18:50:08+00:00","twitter_card":"summary_large_image","twitter_misc":{"Dur\u00e9e de lecture estim\u00e9e":"1 minute"},"schema":{"@context":"https:\/\/schema.org","@graph":[{"@type":"WebPage","@id":"http:\/\/artisa-nana.ovh\/index.php\/mes-ateliers\/initiation-decouverte-tournage\/","url":"http:\/\/artisa-nana.ovh\/index.php\/mes-ateliers\/initiation-decouverte-tournage\/","name":"Initiation d\u00e9couverte tournage - Artisa-nAnA","isPartOf":{"@id":"http:\/\/artisa-nana.ovh\/#website"},"datePublished":"2025-09-05T17:00:56+00:00","dateModified":"2025-10-01T18:50:08+00:00","breadcrumb":{"@id":"http:\/\/artisa-nana.ovh\/index.php\/mes-ateliers\/initiation-decouverte-tournage\/#breadcrumb"},"inLanguage":"fr-FR","potentialAction":[{"@type":"ReadAction","target":["http:\/\/artisa-nana.ovh\/index.php\/mes-ateliers\/initiation-decouverte-tournage\/"]}]},{"@type":"BreadcrumbList","@id":"http:\/\/artisa-nana.ovh\/index.php\/mes-ateliers\/initiation-decouverte-tournage\/#breadcrumb","itemListElement":[{"@type":"ListItem","position":1,"name":"Home","item":"http:\/\/artisa-nana.ovh\/"},{"@type":"ListItem","position":2,"name":"Mes ateliers","item":"http:\/\/artisa-nana.ovh\/index.php\/mes-ateliers\/"},{"@type":"ListItem","position":3,"name":"Initiation d\u00e9couverte tournage"}]},{"@type":"WebSite","@id":"http:\/\/artisa-nana.ovh\/#website","url":"http:\/\/artisa-nana.ovh\/","name":"Artisa-nAnA","description":"Cr\u00e9ations orginales en bois et en c\u00e9ramique","publisher":{"@id":"http:\/\/artisa-nana.ovh\/#organization"},"potentialAction":[{"@type":"SearchAction","target":{"@type":"EntryPoint","urlTemplate":"http:\/\/artisa-nana.ovh\/?s={search_term_string}"},"query-input":{"@type":"PropertyValueSpecification","valueRequired":true,"valueName":"search_term_string"}}],"inLanguage":"fr-FR"},{"@type":"Organization","@id":"http:\/\/artisa-nana.ovh\/#organization","name":"Artisa-nAnA","url":"http:\/\/artisa-nana.ovh\/","logo":{"@type":"ImageObject","inLanguage":"fr-FR","@id":"http:\/\/artisa-nana.ovh\/#\/schema\/logo\/image\/","url":"https:\/\/artisa-nana.ovh\/wp-content\/uploads\/2026\/01\/cropped-cropped-402648859_122094004934131840_6360812511025215828_n.jpg","contentUrl":"https:\/\/artisa-nana.ovh\/wp-content\/uploads\/2026\/01\/cropped-cropped-402648859_122094004934131840_6360812511025215828_n.jpg","width":450,"height":448,"caption":"Artisa-nAnA"},"image":{"@id":"http:\/\/artisa-nana.ovh\/#\/schema\/logo\/image\/"}}]}},"_links":{"self":[{"href":"https:\/\/artisa-nana.ovh\/index.php\/wp-json\/wp\/v2\/pages\/26","targetHints":{"allow":["GET"]}}],"collection":[{"href":"https:\/\/artisa-nana.ovh\/index.php\/wp-json\/wp\/v2\/pages"}],"about":[{"href":"https:\/\/artisa-nana.ovh\/index.php\/wp-json\/wp\/v2\/types\/page"}],"author":[{"embeddable":true,"href":"https:\/\/artisa-nana.ovh\/index.php\/wp-json\/wp\/v2\/users\/1"}],"replies":[{"embeddable":true,"href":"https:\/\/artisa-nana.ovh\/index.php\/wp-json\/wp\/v2\/comments?post=26"}],"version-history":[{"count":2,"href":"https:\/\/artisa-nana.ovh\/index.php\/wp-json\/wp\/v2\/pages\/26\/revisions"}],"predecessor-version":[{"id":186,"href":"https:\/\/artisa-nana.ovh\/index.php\/wp-json\/wp\/v2\/pages\/26\/revisions\/186"}],"up":[{"embeddable":true,"href":"https:\/\/artisa-nana.ovh\/index.php\/wp-json\/wp\/v2\/pages\/174"}],"wp:attachment":[{"href":"https:\/\/artisa-nana.ovh\/index.php\/wp-json\/wp\/v2\/media?parent=26"}],"curies":[{"name":"wp","href":"https:\/\/api.w.org\/{rel}","templated":true}]}}