{"id":34,"date":"2025-09-05T17:02:22","date_gmt":"2025-09-05T17:02:22","guid":{"rendered":"https:\/\/artisa-nana.ovh\/?page_id=34"},"modified":"2026-01-10T16:38:43","modified_gmt":"2026-01-10T15:38:43","slug":"mes-creations","status":"publish","type":"page","link":"https:\/\/artisa-nana.ovh\/index.php\/mes-creations\/","title":{"rendered":"Mes cr\u00e9ations"},"content":{"rendered":"\n<p>Qu\u2019elles soient en bois ou en terre mes cr\u00e9ations sont tr\u00e8s souvent inspir\u00e9es du monde animal. Parfois elles sont utiles mais tr\u00e8s souvent ludiques et\/ou d\u00e9coratives. Toutes mes r\u00e9alisations sont uniques et fa\u00e7onn\u00e9es par mes gouges ou mes mains. Ici vous ne trouverez que du \u00ab&nbsp;made in Plouha by Artisa-nAnA&nbsp;\u00bb .<\/p>\n\n\n\n<div style=\"height:var(--wp--preset--spacing--x-small)\" aria-hidden=\"true\" class=\"wp-block-spacer\"><\/div>\n\n\n\n<div class=\"wp-block-columns is-layout-flex wp-container-core-columns-is-layout-28f84493 wp-block-columns-is-layout-flex\">\n<div class=\"wp-block-column is-layout-flow wp-block-column-is-layout-flow\">\n<figure class=\"wp-block-image size-full\"><img loading=\"lazy\" decoding=\"async\" width=\"1858\" height=\"1858\" src=\"https:\/\/artisa-nana.ovh\/wp-content\/uploads\/2025\/11\/20251001_185059-edited.jpg\" alt=\"\" class=\"wp-image-227\" srcset=\"https:\/\/artisa-nana.ovh\/wp-content\/uploads\/2025\/11\/20251001_185059-edited.jpg 1858w, https:\/\/artisa-nana.ovh\/wp-content\/uploads\/2025\/11\/20251001_185059-edited-300x300.jpg 300w, https:\/\/artisa-nana.ovh\/wp-content\/uploads\/2025\/11\/20251001_185059-edited-1024x1024.jpg 1024w, https:\/\/artisa-nana.ovh\/wp-content\/uploads\/2025\/11\/20251001_185059-edited-150x150.jpg 150w, https:\/\/artisa-nana.ovh\/wp-content\/uploads\/2025\/11\/20251001_185059-edited-500x500.jpg 500w, https:\/\/artisa-nana.ovh\/wp-content\/uploads\/2025\/11\/20251001_185059-edited-800x800.jpg 800w, https:\/\/artisa-nana.ovh\/wp-content\/uploads\/2025\/11\/20251001_185059-edited-1280x1280.jpg 1280w\" sizes=\"auto, (max-width: 1858px) 100vw, 1858px\" \/><\/figure>\n\n\n\n<h3 class=\"wp-block-heading has-text-align-center has-black-color has-text-color has-medium-font-size\"><strong><a href=\"https:\/\/artisa-nana.ovh\/index.php\/mes-creations\/creations-bois\/\">Cr\u00e9ations bois<\/a><\/strong><\/h3>\n<\/div>\n\n\n\n<div class=\"wp-block-column is-layout-flow wp-block-column-is-layout-flow\">\n<figure class=\"wp-block-image size-full\"><img loading=\"lazy\" decoding=\"async\" width=\"2188\" height=\"2188\" src=\"https:\/\/artisa-nana.ovh\/wp-content\/uploads\/2025\/11\/20251001_184329-edited.jpg\" alt=\"\" class=\"wp-image-228\" srcset=\"https:\/\/artisa-nana.ovh\/wp-content\/uploads\/2025\/11\/20251001_184329-edited.jpg 2188w, https:\/\/artisa-nana.ovh\/wp-content\/uploads\/2025\/11\/20251001_184329-edited-300x300.jpg 300w, https:\/\/artisa-nana.ovh\/wp-content\/uploads\/2025\/11\/20251001_184329-edited-1024x1024.jpg 1024w, https:\/\/artisa-nana.ovh\/wp-content\/uploads\/2025\/11\/20251001_184329-edited-150x150.jpg 150w, https:\/\/artisa-nana.ovh\/wp-content\/uploads\/2025\/11\/20251001_184329-edited-2000x2000.jpg 2000w, https:\/\/artisa-nana.ovh\/wp-content\/uploads\/2025\/11\/20251001_184329-edited-500x500.jpg 500w, https:\/\/artisa-nana.ovh\/wp-content\/uploads\/2025\/11\/20251001_184329-edited-800x800.jpg 800w, https:\/\/artisa-nana.ovh\/wp-content\/uploads\/2025\/11\/20251001_184329-edited-1280x1280.jpg 1280w, https:\/\/artisa-nana.ovh\/wp-content\/uploads\/2025\/11\/20251001_184329-edited-1920x1920.jpg 1920w\" sizes=\"auto, (max-width: 2188px) 100vw, 2188px\" \/><\/figure>\n\n\n\n<h3 class=\"wp-block-heading has-text-align-center has-black-color has-text-color has-medium-font-size\"><strong><a href=\"https:\/\/artisa-nana.ovh\/index.php\/mes-creations\/creations-ceramiques\/\">Cr\u00e9ations c\u00e9ramiques<\/a><\/strong><\/h3>\n<\/div>\n\n\n\n<div class=\"wp-block-column is-layout-flow wp-block-column-is-layout-flow\">\n<figure class=\"wp-block-image size-full\"><img loading=\"lazy\" decoding=\"async\" width=\"2250\" height=\"2250\" src=\"http:\/\/artisa-nana.ovh\/wp-content\/uploads\/2025\/11\/20251001_191714_11.jpg\" alt=\"\" class=\"wp-image-234\" srcset=\"https:\/\/artisa-nana.ovh\/wp-content\/uploads\/2025\/11\/20251001_191714_11.jpg 2250w, https:\/\/artisa-nana.ovh\/wp-content\/uploads\/2025\/11\/20251001_191714_11-300x300.jpg 300w, https:\/\/artisa-nana.ovh\/wp-content\/uploads\/2025\/11\/20251001_191714_11-1024x1024.jpg 1024w, https:\/\/artisa-nana.ovh\/wp-content\/uploads\/2025\/11\/20251001_191714_11-150x150.jpg 150w, https:\/\/artisa-nana.ovh\/wp-content\/uploads\/2025\/11\/20251001_191714_11-2000x2000.jpg 2000w, https:\/\/artisa-nana.ovh\/wp-content\/uploads\/2025\/11\/20251001_191714_11-500x500.jpg 500w, https:\/\/artisa-nana.ovh\/wp-content\/uploads\/2025\/11\/20251001_191714_11-800x800.jpg 800w, https:\/\/artisa-nana.ovh\/wp-content\/uploads\/2025\/11\/20251001_191714_11-1280x1280.jpg 1280w, https:\/\/artisa-nana.ovh\/wp-content\/uploads\/2025\/11\/20251001_191714_11-1920x1920.jpg 1920w\" sizes=\"auto, (max-width: 2250px) 100vw, 2250px\" \/><\/figure>\n\n\n\n<h3 class=\"wp-block-heading has-text-align-center has-black-color has-text-color has-medium-font-size\"><strong><a href=\"https:\/\/artisa-nana.ovh\/index.php\/mes-creations\/autres-creations\/\">Autres cr\u00e9ations<\/a><\/strong><\/h3>\n<\/div>\n<\/div>\n","protected":false},"excerpt":{"rendered":"<p>Qu\u2019elles soient en bois ou en terre mes cr\u00e9ations sont tr\u00e8s souvent inspir\u00e9es du monde animal. Parfois elles sont utiles mais tr\u00e8s souvent ludiques et\/ou d\u00e9coratives. Toutes mes r\u00e9alisations sont uniques et fa\u00e7onn\u00e9es par mes gouges ou mes mains. Ici vous ne trouverez que du \u00ab&nbsp;made in Plouha by Artisa-nAnA&nbsp;\u00bb . Cr\u00e9ations bois Cr\u00e9ations c\u00e9ramiques &hellip; <\/p>\n<p class=\"link-more\"><a href=\"https:\/\/artisa-nana.ovh\/index.php\/mes-creations\/\" class=\"more-link\">Lire la suite de<span class=\"screen-reader-text\">\u00ab\u00a0Mes cr\u00e9ations\u00a0\u00bb<\/span><\/a><\/p>\n","protected":false},"author":1,"featured_media":0,"parent":0,"menu_order":0,"comment_status":"closed","ping_status":"closed","template":"","meta":{"_vp_format_video_url":"","_vp_image_focal_point":[],"footnotes":""},"class_list":["post-34","page","type-page","status-publish","hentry"],"yoast_head":"<!-- This site is optimized with the Yoast SEO plugin v26.7 - https:\/\/yoast.com\/wordpress\/plugins\/seo\/ -->\n<title>Mes cr\u00e9ations - Artisa-nAnA<\/title>\n<meta name=\"robots\" content=\"index, follow, max-snippet:-1, max-image-preview:large, max-video-preview:-1\" \/>\n<link rel=\"canonical\" href=\"http:\/\/artisa-nana.ovh\/index.php\/mes-creations\/\" \/>\n<meta property=\"og:locale\" content=\"fr_FR\" \/>\n<meta property=\"og:type\" content=\"article\" \/>\n<meta property=\"og:title\" content=\"Mes cr\u00e9ations - Artisa-nAnA\" \/>\n<meta property=\"og:description\" content=\"Qu\u2019elles soient en bois ou en terre mes cr\u00e9ations sont tr\u00e8s souvent inspir\u00e9es du monde animal. Parfois elles sont utiles mais tr\u00e8s souvent ludiques et\/ou d\u00e9coratives. Toutes mes r\u00e9alisations sont uniques et fa\u00e7onn\u00e9es par mes gouges ou mes mains. Ici vous ne trouverez que du \u00ab&nbsp;made in Plouha by Artisa-nAnA&nbsp;\u00bb . Cr\u00e9ations bois Cr\u00e9ations c\u00e9ramiques &hellip; Lire la suite de\u00ab\u00a0Mes cr\u00e9ations\u00a0\u00bb\" \/>\n<meta property=\"og:url\" content=\"http:\/\/artisa-nana.ovh\/index.php\/mes-creations\/\" \/>\n<meta property=\"og:site_name\" content=\"Artisa-nAnA\" \/>\n<meta property=\"article:modified_time\" content=\"2026-01-10T15:38:43+00:00\" \/>\n<meta property=\"og:image\" content=\"https:\/\/artisa-nana.ovh\/wp-content\/uploads\/2025\/11\/20251001_185059-edited.jpg\" \/>\n<meta name=\"twitter:card\" content=\"summary_large_image\" \/>\n<meta name=\"twitter:label1\" content=\"Dur\u00e9e de lecture estim\u00e9e\" \/>\n\t<meta name=\"twitter:data1\" content=\"1 minute\" \/>\n<script type=\"application\/ld+json\" class=\"yoast-schema-graph\">{\"@context\":\"https:\/\/schema.org\",\"@graph\":[{\"@type\":\"WebPage\",\"@id\":\"http:\/\/artisa-nana.ovh\/index.php\/mes-creations\/\",\"url\":\"http:\/\/artisa-nana.ovh\/index.php\/mes-creations\/\",\"name\":\"Mes cr\u00e9ations - Artisa-nAnA\",\"isPartOf\":{\"@id\":\"http:\/\/artisa-nana.ovh\/#website\"},\"primaryImageOfPage\":{\"@id\":\"http:\/\/artisa-nana.ovh\/index.php\/mes-creations\/#primaryimage\"},\"image\":{\"@id\":\"http:\/\/artisa-nana.ovh\/index.php\/mes-creations\/#primaryimage\"},\"thumbnailUrl\":\"https:\/\/artisa-nana.ovh\/wp-content\/uploads\/2025\/11\/20251001_185059-edited.jpg\",\"datePublished\":\"2025-09-05T17:02:22+00:00\",\"dateModified\":\"2026-01-10T15:38:43+00:00\",\"breadcrumb\":{\"@id\":\"http:\/\/artisa-nana.ovh\/index.php\/mes-creations\/#breadcrumb\"},\"inLanguage\":\"fr-FR\",\"potentialAction\":[{\"@type\":\"ReadAction\",\"target\":[\"http:\/\/artisa-nana.ovh\/index.php\/mes-creations\/\"]}]},{\"@type\":\"ImageObject\",\"inLanguage\":\"fr-FR\",\"@id\":\"http:\/\/artisa-nana.ovh\/index.php\/mes-creations\/#primaryimage\",\"url\":\"https:\/\/artisa-nana.ovh\/wp-content\/uploads\/2025\/11\/20251001_185059-edited.jpg\",\"contentUrl\":\"https:\/\/artisa-nana.ovh\/wp-content\/uploads\/2025\/11\/20251001_185059-edited.jpg\",\"width\":1858,\"height\":1858},{\"@type\":\"BreadcrumbList\",\"@id\":\"http:\/\/artisa-nana.ovh\/index.php\/mes-creations\/#breadcrumb\",\"itemListElement\":[{\"@type\":\"ListItem\",\"position\":1,\"name\":\"Home\",\"item\":\"http:\/\/artisa-nana.ovh\/\"},{\"@type\":\"ListItem\",\"position\":2,\"name\":\"Mes cr\u00e9ations\"}]},{\"@type\":\"WebSite\",\"@id\":\"http:\/\/artisa-nana.ovh\/#website\",\"url\":\"http:\/\/artisa-nana.ovh\/\",\"name\":\"Artisa-nAnA\",\"description\":\"Cr\u00e9ations orginales en bois et en c\u00e9ramique\",\"publisher\":{\"@id\":\"http:\/\/artisa-nana.ovh\/#organization\"},\"potentialAction\":[{\"@type\":\"SearchAction\",\"target\":{\"@type\":\"EntryPoint\",\"urlTemplate\":\"http:\/\/artisa-nana.ovh\/?s={search_term_string}\"},\"query-input\":{\"@type\":\"PropertyValueSpecification\",\"valueRequired\":true,\"valueName\":\"search_term_string\"}}],\"inLanguage\":\"fr-FR\"},{\"@type\":\"Organization\",\"@id\":\"http:\/\/artisa-nana.ovh\/#organization\",\"name\":\"Artisa-nAnA\",\"url\":\"http:\/\/artisa-nana.ovh\/\",\"logo\":{\"@type\":\"ImageObject\",\"inLanguage\":\"fr-FR\",\"@id\":\"http:\/\/artisa-nana.ovh\/#\/schema\/logo\/image\/\",\"url\":\"https:\/\/artisa-nana.ovh\/wp-content\/uploads\/2026\/01\/cropped-cropped-402648859_122094004934131840_6360812511025215828_n.jpg\",\"contentUrl\":\"https:\/\/artisa-nana.ovh\/wp-content\/uploads\/2026\/01\/cropped-cropped-402648859_122094004934131840_6360812511025215828_n.jpg\",\"width\":450,\"height\":448,\"caption\":\"Artisa-nAnA\"},\"image\":{\"@id\":\"http:\/\/artisa-nana.ovh\/#\/schema\/logo\/image\/\"}}]}<\/script>\n<!-- \/ Yoast SEO plugin. -->","yoast_head_json":{"title":"Mes cr\u00e9ations - Artisa-nAnA","robots":{"index":"index","follow":"follow","max-snippet":"max-snippet:-1","max-image-preview":"max-image-preview:large","max-video-preview":"max-video-preview:-1"},"canonical":"http:\/\/artisa-nana.ovh\/index.php\/mes-creations\/","og_locale":"fr_FR","og_type":"article","og_title":"Mes cr\u00e9ations - Artisa-nAnA","og_description":"Qu\u2019elles soient en bois ou en terre mes cr\u00e9ations sont tr\u00e8s souvent inspir\u00e9es du monde animal. Parfois elles sont utiles mais tr\u00e8s souvent ludiques et\/ou d\u00e9coratives. Toutes mes r\u00e9alisations sont uniques et fa\u00e7onn\u00e9es par mes gouges ou mes mains. Ici vous ne trouverez que du \u00ab&nbsp;made in Plouha by Artisa-nAnA&nbsp;\u00bb . Cr\u00e9ations bois Cr\u00e9ations c\u00e9ramiques &hellip; Lire la suite de\u00ab\u00a0Mes cr\u00e9ations\u00a0\u00bb","og_url":"http:\/\/artisa-nana.ovh\/index.php\/mes-creations\/","og_site_name":"Artisa-nAnA","article_modified_time":"2026-01-10T15:38:43+00:00","og_image":[{"url":"https:\/\/artisa-nana.ovh\/wp-content\/uploads\/2025\/11\/20251001_185059-edited.jpg","type":"","width":"","height":""}],"twitter_card":"summary_large_image","twitter_misc":{"Dur\u00e9e de lecture estim\u00e9e":"1 minute"},"schema":{"@context":"https:\/\/schema.org","@graph":[{"@type":"WebPage","@id":"http:\/\/artisa-nana.ovh\/index.php\/mes-creations\/","url":"http:\/\/artisa-nana.ovh\/index.php\/mes-creations\/","name":"Mes cr\u00e9ations - Artisa-nAnA","isPartOf":{"@id":"http:\/\/artisa-nana.ovh\/#website"},"primaryImageOfPage":{"@id":"http:\/\/artisa-nana.ovh\/index.php\/mes-creations\/#primaryimage"},"image":{"@id":"http:\/\/artisa-nana.ovh\/index.php\/mes-creations\/#primaryimage"},"thumbnailUrl":"https:\/\/artisa-nana.ovh\/wp-content\/uploads\/2025\/11\/20251001_185059-edited.jpg","datePublished":"2025-09-05T17:02:22+00:00","dateModified":"2026-01-10T15:38:43+00:00","breadcrumb":{"@id":"http:\/\/artisa-nana.ovh\/index.php\/mes-creations\/#breadcrumb"},"inLanguage":"fr-FR","potentialAction":[{"@type":"ReadAction","target":["http:\/\/artisa-nana.ovh\/index.php\/mes-creations\/"]}]},{"@type":"ImageObject","inLanguage":"fr-FR","@id":"http:\/\/artisa-nana.ovh\/index.php\/mes-creations\/#primaryimage","url":"https:\/\/artisa-nana.ovh\/wp-content\/uploads\/2025\/11\/20251001_185059-edited.jpg","contentUrl":"https:\/\/artisa-nana.ovh\/wp-content\/uploads\/2025\/11\/20251001_185059-edited.jpg","width":1858,"height":1858},{"@type":"BreadcrumbList","@id":"http:\/\/artisa-nana.ovh\/index.php\/mes-creations\/#breadcrumb","itemListElement":[{"@type":"ListItem","position":1,"name":"Home","item":"http:\/\/artisa-nana.ovh\/"},{"@type":"ListItem","position":2,"name":"Mes cr\u00e9ations"}]},{"@type":"WebSite","@id":"http:\/\/artisa-nana.ovh\/#website","url":"http:\/\/artisa-nana.ovh\/","name":"Artisa-nAnA","description":"Cr\u00e9ations orginales en bois et en c\u00e9ramique","publisher":{"@id":"http:\/\/artisa-nana.ovh\/#organization"},"potentialAction":[{"@type":"SearchAction","target":{"@type":"EntryPoint","urlTemplate":"http:\/\/artisa-nana.ovh\/?s={search_term_string}"},"query-input":{"@type":"PropertyValueSpecification","valueRequired":true,"valueName":"search_term_string"}}],"inLanguage":"fr-FR"},{"@type":"Organization","@id":"http:\/\/artisa-nana.ovh\/#organization","name":"Artisa-nAnA","url":"http:\/\/artisa-nana.ovh\/","logo":{"@type":"ImageObject","inLanguage":"fr-FR","@id":"http:\/\/artisa-nana.ovh\/#\/schema\/logo\/image\/","url":"https:\/\/artisa-nana.ovh\/wp-content\/uploads\/2026\/01\/cropped-cropped-402648859_122094004934131840_6360812511025215828_n.jpg","contentUrl":"https:\/\/artisa-nana.ovh\/wp-content\/uploads\/2026\/01\/cropped-cropped-402648859_122094004934131840_6360812511025215828_n.jpg","width":450,"height":448,"caption":"Artisa-nAnA"},"image":{"@id":"http:\/\/artisa-nana.ovh\/#\/schema\/logo\/image\/"}}]}},"_links":{"self":[{"href":"https:\/\/artisa-nana.ovh\/index.php\/wp-json\/wp\/v2\/pages\/34","targetHints":{"allow":["GET"]}}],"collection":[{"href":"https:\/\/artisa-nana.ovh\/index.php\/wp-json\/wp\/v2\/pages"}],"about":[{"href":"https:\/\/artisa-nana.ovh\/index.php\/wp-json\/wp\/v2\/types\/page"}],"author":[{"embeddable":true,"href":"https:\/\/artisa-nana.ovh\/index.php\/wp-json\/wp\/v2\/users\/1"}],"replies":[{"embeddable":true,"href":"https:\/\/artisa-nana.ovh\/index.php\/wp-json\/wp\/v2\/comments?post=34"}],"version-history":[{"count":3,"href":"https:\/\/artisa-nana.ovh\/index.php\/wp-json\/wp\/v2\/pages\/34\/revisions"}],"predecessor-version":[{"id":364,"href":"https:\/\/artisa-nana.ovh\/index.php\/wp-json\/wp\/v2\/pages\/34\/revisions\/364"}],"wp:attachment":[{"href":"https:\/\/artisa-nana.ovh\/index.php\/wp-json\/wp\/v2\/media?parent=34"}],"curies":[{"name":"wp","href":"https:\/\/api.w.org\/{rel}","templated":true}]}}