{"id":40,"date":"2025-09-05T19:09:00","date_gmt":"2025-09-05T17:09:00","guid":{"rendered":"https:\/\/artisa-nana.ovh\/?page_id=40"},"modified":"2026-01-10T12:57:03","modified_gmt":"2026-01-10T11:57:03","slug":"accueil","status":"publish","type":"page","link":"https:\/\/artisa-nana.ovh\/","title":{"rendered":"Artisa-nAnA"},"content":{"rendered":"\n<p><strong>Bienvenu(e)s dans mon univers<\/strong> !<\/p>\n\n\n\n<p>Venez d\u00e9couvrir mes pi\u00e8ces artisanales uniques, d\u00e9coratives, ludiques ou utiles. Les occasions d&rsquo;offrir ne manquent pas : anniversaire, mariage, sans oublier les f\u00eates de fin d&rsquo;ann\u00e9e et la plus importante de toutes, la F\u00caTE VOUS PLAISIR. J&rsquo;esp\u00e8re que vous prendrez autant de plaisir \u00e0 d\u00e9couvrir les diff\u00e9rentes sections de mon site, que j&rsquo;en ai eu \u00e0 les construire !<\/p>\n\n\n\n<h2 class=\"wp-block-heading\">Mes cr\u00e9ations<\/h2>\n\n\n\n<p>Qu\u2019elles soient en bois ou en terre mes cr\u00e9ations sont tr\u00e8s souvent inspir\u00e9es du monde animal. Parfois elles sont utiles mais tr\u00e8s souvent ludiques et\/ou d\u00e9coratives. Toutes mes r\u00e9alisations sont uniques et fa\u00e7onn\u00e9es par mes gouges ou mes mains. Ici vous ne trouverez que du \u00ab&nbsp;made in Plouha by Artisa-nAnA&nbsp;\u00bb .<\/p>\n\n\n\n<div style=\"height:var(--wp--preset--spacing--x-small)\" aria-hidden=\"true\" class=\"wp-block-spacer\"><\/div>\n\n\n\n<div class=\"wp-block-columns is-layout-flex wp-container-core-columns-is-layout-28f84493 wp-block-columns-is-layout-flex\">\n<div class=\"wp-block-column is-layout-flow wp-block-column-is-layout-flow\">\n<figure class=\"wp-block-image size-full\"><img loading=\"lazy\" decoding=\"async\" width=\"1858\" height=\"1858\" src=\"https:\/\/artisa-nana.ovh\/wp-content\/uploads\/2025\/11\/20251001_185059-edited.jpg\" alt=\"\" class=\"wp-image-227\" srcset=\"https:\/\/artisa-nana.ovh\/wp-content\/uploads\/2025\/11\/20251001_185059-edited.jpg 1858w, https:\/\/artisa-nana.ovh\/wp-content\/uploads\/2025\/11\/20251001_185059-edited-300x300.jpg 300w, https:\/\/artisa-nana.ovh\/wp-content\/uploads\/2025\/11\/20251001_185059-edited-1024x1024.jpg 1024w, https:\/\/artisa-nana.ovh\/wp-content\/uploads\/2025\/11\/20251001_185059-edited-150x150.jpg 150w, https:\/\/artisa-nana.ovh\/wp-content\/uploads\/2025\/11\/20251001_185059-edited-500x500.jpg 500w, https:\/\/artisa-nana.ovh\/wp-content\/uploads\/2025\/11\/20251001_185059-edited-800x800.jpg 800w, https:\/\/artisa-nana.ovh\/wp-content\/uploads\/2025\/11\/20251001_185059-edited-1280x1280.jpg 1280w\" sizes=\"auto, (max-width: 1858px) 100vw, 1858px\" \/><\/figure>\n\n\n\n<h3 class=\"wp-block-heading has-text-align-center has-black-color has-text-color has-medium-font-size\"><strong><a href=\"https:\/\/artisa-nana.ovh\/index.php\/mes-creations\/creations-bois\/\">Cr\u00e9ations bois<\/a><\/strong><\/h3>\n<\/div>\n\n\n\n<div class=\"wp-block-column is-layout-flow wp-block-column-is-layout-flow\">\n<figure class=\"wp-block-image size-full\"><img loading=\"lazy\" decoding=\"async\" width=\"2188\" height=\"2188\" src=\"https:\/\/artisa-nana.ovh\/wp-content\/uploads\/2025\/11\/20251001_184329-edited.jpg\" alt=\"\" class=\"wp-image-228\" srcset=\"https:\/\/artisa-nana.ovh\/wp-content\/uploads\/2025\/11\/20251001_184329-edited.jpg 2188w, https:\/\/artisa-nana.ovh\/wp-content\/uploads\/2025\/11\/20251001_184329-edited-300x300.jpg 300w, https:\/\/artisa-nana.ovh\/wp-content\/uploads\/2025\/11\/20251001_184329-edited-1024x1024.jpg 1024w, https:\/\/artisa-nana.ovh\/wp-content\/uploads\/2025\/11\/20251001_184329-edited-150x150.jpg 150w, https:\/\/artisa-nana.ovh\/wp-content\/uploads\/2025\/11\/20251001_184329-edited-2000x2000.jpg 2000w, https:\/\/artisa-nana.ovh\/wp-content\/uploads\/2025\/11\/20251001_184329-edited-500x500.jpg 500w, https:\/\/artisa-nana.ovh\/wp-content\/uploads\/2025\/11\/20251001_184329-edited-800x800.jpg 800w, https:\/\/artisa-nana.ovh\/wp-content\/uploads\/2025\/11\/20251001_184329-edited-1280x1280.jpg 1280w, https:\/\/artisa-nana.ovh\/wp-content\/uploads\/2025\/11\/20251001_184329-edited-1920x1920.jpg 1920w\" sizes=\"auto, (max-width: 2188px) 100vw, 2188px\" \/><\/figure>\n\n\n\n<h3 class=\"wp-block-heading has-text-align-center has-black-color has-text-color has-medium-font-size\"><strong><a href=\"https:\/\/artisa-nana.ovh\/index.php\/mes-creations\/creations-ceramiques\/\">Cr\u00e9ations c\u00e9ramiques<\/a><\/strong><\/h3>\n<\/div>\n\n\n\n<div class=\"wp-block-column is-layout-flow wp-block-column-is-layout-flow\">\n<figure class=\"wp-block-image size-full\"><img loading=\"lazy\" decoding=\"async\" width=\"2250\" height=\"2250\" src=\"http:\/\/artisa-nana.ovh\/wp-content\/uploads\/2025\/11\/20251001_191714_11.jpg\" alt=\"\" class=\"wp-image-234\" srcset=\"https:\/\/artisa-nana.ovh\/wp-content\/uploads\/2025\/11\/20251001_191714_11.jpg 2250w, https:\/\/artisa-nana.ovh\/wp-content\/uploads\/2025\/11\/20251001_191714_11-300x300.jpg 300w, https:\/\/artisa-nana.ovh\/wp-content\/uploads\/2025\/11\/20251001_191714_11-1024x1024.jpg 1024w, https:\/\/artisa-nana.ovh\/wp-content\/uploads\/2025\/11\/20251001_191714_11-150x150.jpg 150w, https:\/\/artisa-nana.ovh\/wp-content\/uploads\/2025\/11\/20251001_191714_11-2000x2000.jpg 2000w, https:\/\/artisa-nana.ovh\/wp-content\/uploads\/2025\/11\/20251001_191714_11-500x500.jpg 500w, https:\/\/artisa-nana.ovh\/wp-content\/uploads\/2025\/11\/20251001_191714_11-800x800.jpg 800w, https:\/\/artisa-nana.ovh\/wp-content\/uploads\/2025\/11\/20251001_191714_11-1280x1280.jpg 1280w, https:\/\/artisa-nana.ovh\/wp-content\/uploads\/2025\/11\/20251001_191714_11-1920x1920.jpg 1920w\" sizes=\"auto, (max-width: 2250px) 100vw, 2250px\" \/><\/figure>\n\n\n\n<h3 class=\"wp-block-heading has-text-align-center has-black-color has-text-color has-medium-font-size\"><strong><a href=\"https:\/\/artisa-nana.ovh\/index.php\/mes-creations\/autres-creations\/\">Autres cr\u00e9ations<\/a><\/strong><\/h3>\n<\/div>\n<\/div>\n\n\n\n<h2 class=\"wp-block-heading\">Mes ateliers<\/h2>\n\n\n\n<p>C\u2019est gr\u00e2ce \u00e0 un atelier que j\u2019ai mis le pied dans le tournage. Il me semble important de faire d\u00e9couvrir la magie de la transformation d\u2019un morceau de tringle par exemple en une jolie toupie. Mes ateliers n\u2019ont pas la pr\u00e9tention de former mais juste de montrer. Ils s\u2019adressent prioritairement aux enfants \u00e0 partir de 10 ans.<\/p>\n\n\n\n<h2 class=\"wp-block-heading\">Mes actualit\u00e9s<\/h2>\n\n\n\t\t<div id=\"instagram-gallery-feed-qligg-0\" class=\"instagram-gallery-feed\" data-feed=\"{&quot;id&quot;:&quot;qligg-0&quot;,&quot;account_id&quot;:&quot;10035245349934050&quot;,&quot;layout&quot;:&quot;carousel&quot;,&quot;limit&quot;:8,&quot;responsive&quot;:{&quot;desktop&quot;:{&quot;columns&quot;:4,&quot;spacing&quot;:10},&quot;tablet&quot;:{&quot;columns&quot;:2,&quot;spacing&quot;:8},&quot;mobile&quot;:{&quot;columns&quot;:1,&quot;spacing&quot;:6},&quot;breakpoints&quot;:{&quot;tablet&quot;:768,&quot;mobile&quot;:480}},&quot;source&quot;:&quot;username&quot;,&quot;tag&quot;:&quot;wordpress&quot;,&quot;order_by&quot;:&quot;top_media&quot;,&quot;columns&quot;:3,&quot;spacing&quot;:10,&quot;lazy&quot;:false,&quot;aspect_ratio&quot;:{&quot;width&quot;:1,&quot;height&quot;:1},&quot;highlight&quot;:{&quot;tag&quot;:&quot;&quot;,&quot;id&quot;:&quot;&quot;,&quot;position&quot;:&quot;1,3,5&quot;},&quot;reel&quot;:{&quot;hide&quot;:false},&quot;copyright&quot;:{&quot;hide&quot;:false,&quot;placeholder&quot;:&quot;&quot;},&quot;profile&quot;:{&quot;display&quot;:false,&quot;username&quot;:&quot;&quot;,&quot;nickname&quot;:&quot;&quot;,&quot;website&quot;:&quot;&quot;,&quot;biography&quot;:&quot;&quot;,&quot;link_text&quot;:&quot;Follow&quot;,&quot;website_text&quot;:&quot;Website&quot;,&quot;avatar&quot;:&quot;&quot;},&quot;box&quot;:{&quot;display&quot;:false,&quot;padding&quot;:1,&quot;radius&quot;:0,&quot;background&quot;:&quot;#fefefe&quot;,&quot;profile&quot;:false,&quot;desc&quot;:&quot;&quot;,&quot;text_color&quot;:&quot;#000000&quot;},&quot;mask&quot;:{&quot;display&quot;:true,&quot;background&quot;:&quot;#000000&quot;,&quot;icon_color&quot;:&quot;#ffffff&quot;,&quot;likes_count&quot;:true,&quot;comments_count&quot;:true},&quot;card&quot;:{&quot;display&quot;:false,&quot;radius&quot;:1,&quot;font_size&quot;:12,&quot;background&quot;:&quot;#ffffff&quot;,&quot;background_hover&quot;:&quot;&quot;,&quot;text_color&quot;:&quot;#000000&quot;,&quot;padding&quot;:5,&quot;likes_count&quot;:true,&quot;text_length&quot;:10,&quot;comments_count&quot;:true,&quot;text_align&quot;:&quot;left&quot;},&quot;carousel&quot;:{&quot;centered_slides&quot;:false,&quot;autoplay&quot;:false,&quot;autoplay_interval&quot;:3000,&quot;navarrows&quot;:true,&quot;navarrows_color&quot;:&quot;&quot;,&quot;pagination&quot;:true,&quot;pagination_color&quot;:&quot;&quot;},&quot;modal&quot;:{&quot;display&quot;:true,&quot;profile&quot;:true,&quot;media_description&quot;:true,&quot;likes_count&quot;:true,&quot;comments_count&quot;:true,&quot;comments_list&quot;:false,&quot;text_align&quot;:&quot;left&quot;,&quot;modal_align&quot;:&quot;right&quot;,&quot;text_length&quot;:10000,&quot;font_size&quot;:12},&quot;button&quot;:{&quot;display&quot;:true,&quot;text&quot;:&quot;View on Instagram&quot;,&quot;text_color&quot;:&quot;#ffff&quot;,&quot;background&quot;:&quot;&quot;,&quot;background_hover&quot;:&quot;&quot;},&quot;button_load&quot;:{&quot;display&quot;:false,&quot;text&quot;:&quot;Load more...&quot;,&quot;text_color&quot;:&quot;#ffff&quot;,&quot;background&quot;:&quot;&quot;,&quot;background_hover&quot;:&quot;&quot;}}\">\n\t\t<!-- <FeedContainer\/> -->\n\t\t<\/div>\n\t\t","protected":false},"excerpt":{"rendered":"<p>Bienvenu(e)s dans mon univers ! Venez d\u00e9couvrir mes pi\u00e8ces artisanales uniques, d\u00e9coratives, ludiques ou utiles. Les occasions d&rsquo;offrir ne manquent pas : anniversaire, mariage, sans oublier les f\u00eates de fin d&rsquo;ann\u00e9e et la plus importante de toutes, la F\u00caTE VOUS PLAISIR. J&rsquo;esp\u00e8re que vous prendrez autant de plaisir \u00e0 d\u00e9couvrir les diff\u00e9rentes sections de mon &hellip; <\/p>\n<p class=\"link-more\"><a href=\"https:\/\/artisa-nana.ovh\/\" class=\"more-link\">Lire la suite de<span class=\"screen-reader-text\">\u00ab\u00a0Artisa-nAnA\u00a0\u00bb<\/span><\/a><\/p>\n","protected":false},"author":1,"featured_media":0,"parent":0,"menu_order":0,"comment_status":"closed","ping_status":"closed","template":"","meta":{"_vp_format_video_url":"","_vp_image_focal_point":[],"footnotes":""},"class_list":["post-40","page","type-page","status-publish","hentry"],"yoast_head":"<!-- This site is optimized with the Yoast SEO plugin v26.7 - https:\/\/yoast.com\/wordpress\/plugins\/seo\/ -->\n<title>Artisa-nAnA - Artisa-nAnA<\/title>\n<meta name=\"robots\" content=\"index, follow, max-snippet:-1, max-image-preview:large, max-video-preview:-1\" \/>\n<link rel=\"canonical\" href=\"http:\/\/artisa-nana.ovh\/\" \/>\n<meta property=\"og:locale\" content=\"fr_FR\" \/>\n<meta property=\"og:type\" content=\"article\" \/>\n<meta property=\"og:title\" content=\"Artisa-nAnA - Artisa-nAnA\" \/>\n<meta property=\"og:description\" content=\"Bienvenu(e)s dans mon univers ! Venez d\u00e9couvrir mes pi\u00e8ces artisanales uniques, d\u00e9coratives, ludiques ou utiles. Les occasions d&rsquo;offrir ne manquent pas : anniversaire, mariage, sans oublier les f\u00eates de fin d&rsquo;ann\u00e9e et la plus importante de toutes, la F\u00caTE VOUS PLAISIR. J&rsquo;esp\u00e8re que vous prendrez autant de plaisir \u00e0 d\u00e9couvrir les diff\u00e9rentes sections de mon &hellip; Lire la suite de\u00ab\u00a0Artisa-nAnA\u00a0\u00bb\" \/>\n<meta property=\"og:url\" content=\"http:\/\/artisa-nana.ovh\/\" \/>\n<meta property=\"og:site_name\" content=\"Artisa-nAnA\" \/>\n<meta property=\"article:modified_time\" content=\"2026-01-10T11:57:03+00:00\" \/>\n<meta property=\"og:image\" content=\"https:\/\/artisa-nana.ovh\/wp-content\/uploads\/2025\/11\/20251001_185059-edited.jpg\" \/>\n<meta name=\"twitter:card\" content=\"summary_large_image\" \/>\n<meta name=\"twitter:label1\" content=\"Dur\u00e9e de lecture estim\u00e9e\" \/>\n\t<meta name=\"twitter:data1\" content=\"2 minutes\" \/>\n<script type=\"application\/ld+json\" class=\"yoast-schema-graph\">{\"@context\":\"https:\/\/schema.org\",\"@graph\":[{\"@type\":\"WebPage\",\"@id\":\"http:\/\/artisa-nana.ovh\/\",\"url\":\"http:\/\/artisa-nana.ovh\/\",\"name\":\"Artisa-nAnA - Artisa-nAnA\",\"isPartOf\":{\"@id\":\"http:\/\/artisa-nana.ovh\/#website\"},\"primaryImageOfPage\":{\"@id\":\"http:\/\/artisa-nana.ovh\/#primaryimage\"},\"image\":{\"@id\":\"http:\/\/artisa-nana.ovh\/#primaryimage\"},\"thumbnailUrl\":\"https:\/\/artisa-nana.ovh\/wp-content\/uploads\/2025\/11\/20251001_185059-edited.jpg\",\"datePublished\":\"2025-09-05T17:09:00+00:00\",\"dateModified\":\"2026-01-10T11:57:03+00:00\",\"breadcrumb\":{\"@id\":\"http:\/\/artisa-nana.ovh\/#breadcrumb\"},\"inLanguage\":\"fr-FR\",\"potentialAction\":[{\"@type\":\"ReadAction\",\"target\":[\"http:\/\/artisa-nana.ovh\/\"]}]},{\"@type\":\"ImageObject\",\"inLanguage\":\"fr-FR\",\"@id\":\"http:\/\/artisa-nana.ovh\/#primaryimage\",\"url\":\"https:\/\/artisa-nana.ovh\/wp-content\/uploads\/2025\/11\/20251001_185059-edited.jpg\",\"contentUrl\":\"https:\/\/artisa-nana.ovh\/wp-content\/uploads\/2025\/11\/20251001_185059-edited.jpg\",\"width\":1858,\"height\":1858},{\"@type\":\"BreadcrumbList\",\"@id\":\"http:\/\/artisa-nana.ovh\/#breadcrumb\",\"itemListElement\":[{\"@type\":\"ListItem\",\"position\":1,\"name\":\"Home\",\"item\":\"http:\/\/artisa-nana.ovh\/\"},{\"@type\":\"ListItem\",\"position\":2,\"name\":\"Artisa-nAnA\"}]},{\"@type\":\"WebSite\",\"@id\":\"http:\/\/artisa-nana.ovh\/#website\",\"url\":\"http:\/\/artisa-nana.ovh\/\",\"name\":\"Artisa-nAnA\",\"description\":\"Cr\u00e9ations orginales en bois et en c\u00e9ramique\",\"publisher\":{\"@id\":\"http:\/\/artisa-nana.ovh\/#organization\"},\"potentialAction\":[{\"@type\":\"SearchAction\",\"target\":{\"@type\":\"EntryPoint\",\"urlTemplate\":\"http:\/\/artisa-nana.ovh\/?s={search_term_string}\"},\"query-input\":{\"@type\":\"PropertyValueSpecification\",\"valueRequired\":true,\"valueName\":\"search_term_string\"}}],\"inLanguage\":\"fr-FR\"},{\"@type\":\"Organization\",\"@id\":\"http:\/\/artisa-nana.ovh\/#organization\",\"name\":\"Artisa-nAnA\",\"url\":\"http:\/\/artisa-nana.ovh\/\",\"logo\":{\"@type\":\"ImageObject\",\"inLanguage\":\"fr-FR\",\"@id\":\"http:\/\/artisa-nana.ovh\/#\/schema\/logo\/image\/\",\"url\":\"https:\/\/artisa-nana.ovh\/wp-content\/uploads\/2026\/01\/cropped-cropped-402648859_122094004934131840_6360812511025215828_n.jpg\",\"contentUrl\":\"https:\/\/artisa-nana.ovh\/wp-content\/uploads\/2026\/01\/cropped-cropped-402648859_122094004934131840_6360812511025215828_n.jpg\",\"width\":450,\"height\":448,\"caption\":\"Artisa-nAnA\"},\"image\":{\"@id\":\"http:\/\/artisa-nana.ovh\/#\/schema\/logo\/image\/\"}}]}<\/script>\n<!-- \/ Yoast SEO plugin. -->","yoast_head_json":{"title":"Artisa-nAnA - Artisa-nAnA","robots":{"index":"index","follow":"follow","max-snippet":"max-snippet:-1","max-image-preview":"max-image-preview:large","max-video-preview":"max-video-preview:-1"},"canonical":"http:\/\/artisa-nana.ovh\/","og_locale":"fr_FR","og_type":"article","og_title":"Artisa-nAnA - Artisa-nAnA","og_description":"Bienvenu(e)s dans mon univers ! Venez d\u00e9couvrir mes pi\u00e8ces artisanales uniques, d\u00e9coratives, ludiques ou utiles. Les occasions d&rsquo;offrir ne manquent pas : anniversaire, mariage, sans oublier les f\u00eates de fin d&rsquo;ann\u00e9e et la plus importante de toutes, la F\u00caTE VOUS PLAISIR. J&rsquo;esp\u00e8re que vous prendrez autant de plaisir \u00e0 d\u00e9couvrir les diff\u00e9rentes sections de mon &hellip; Lire la suite de\u00ab\u00a0Artisa-nAnA\u00a0\u00bb","og_url":"http:\/\/artisa-nana.ovh\/","og_site_name":"Artisa-nAnA","article_modified_time":"2026-01-10T11:57:03+00:00","og_image":[{"url":"https:\/\/artisa-nana.ovh\/wp-content\/uploads\/2025\/11\/20251001_185059-edited.jpg","type":"","width":"","height":""}],"twitter_card":"summary_large_image","twitter_misc":{"Dur\u00e9e de lecture estim\u00e9e":"2 minutes"},"schema":{"@context":"https:\/\/schema.org","@graph":[{"@type":"WebPage","@id":"http:\/\/artisa-nana.ovh\/","url":"http:\/\/artisa-nana.ovh\/","name":"Artisa-nAnA - Artisa-nAnA","isPartOf":{"@id":"http:\/\/artisa-nana.ovh\/#website"},"primaryImageOfPage":{"@id":"http:\/\/artisa-nana.ovh\/#primaryimage"},"image":{"@id":"http:\/\/artisa-nana.ovh\/#primaryimage"},"thumbnailUrl":"https:\/\/artisa-nana.ovh\/wp-content\/uploads\/2025\/11\/20251001_185059-edited.jpg","datePublished":"2025-09-05T17:09:00+00:00","dateModified":"2026-01-10T11:57:03+00:00","breadcrumb":{"@id":"http:\/\/artisa-nana.ovh\/#breadcrumb"},"inLanguage":"fr-FR","potentialAction":[{"@type":"ReadAction","target":["http:\/\/artisa-nana.ovh\/"]}]},{"@type":"ImageObject","inLanguage":"fr-FR","@id":"http:\/\/artisa-nana.ovh\/#primaryimage","url":"https:\/\/artisa-nana.ovh\/wp-content\/uploads\/2025\/11\/20251001_185059-edited.jpg","contentUrl":"https:\/\/artisa-nana.ovh\/wp-content\/uploads\/2025\/11\/20251001_185059-edited.jpg","width":1858,"height":1858},{"@type":"BreadcrumbList","@id":"http:\/\/artisa-nana.ovh\/#breadcrumb","itemListElement":[{"@type":"ListItem","position":1,"name":"Home","item":"http:\/\/artisa-nana.ovh\/"},{"@type":"ListItem","position":2,"name":"Artisa-nAnA"}]},{"@type":"WebSite","@id":"http:\/\/artisa-nana.ovh\/#website","url":"http:\/\/artisa-nana.ovh\/","name":"Artisa-nAnA","description":"Cr\u00e9ations orginales en bois et en c\u00e9ramique","publisher":{"@id":"http:\/\/artisa-nana.ovh\/#organization"},"potentialAction":[{"@type":"SearchAction","target":{"@type":"EntryPoint","urlTemplate":"http:\/\/artisa-nana.ovh\/?s={search_term_string}"},"query-input":{"@type":"PropertyValueSpecification","valueRequired":true,"valueName":"search_term_string"}}],"inLanguage":"fr-FR"},{"@type":"Organization","@id":"http:\/\/artisa-nana.ovh\/#organization","name":"Artisa-nAnA","url":"http:\/\/artisa-nana.ovh\/","logo":{"@type":"ImageObject","inLanguage":"fr-FR","@id":"http:\/\/artisa-nana.ovh\/#\/schema\/logo\/image\/","url":"https:\/\/artisa-nana.ovh\/wp-content\/uploads\/2026\/01\/cropped-cropped-402648859_122094004934131840_6360812511025215828_n.jpg","contentUrl":"https:\/\/artisa-nana.ovh\/wp-content\/uploads\/2026\/01\/cropped-cropped-402648859_122094004934131840_6360812511025215828_n.jpg","width":450,"height":448,"caption":"Artisa-nAnA"},"image":{"@id":"http:\/\/artisa-nana.ovh\/#\/schema\/logo\/image\/"}}]}},"_links":{"self":[{"href":"https:\/\/artisa-nana.ovh\/index.php\/wp-json\/wp\/v2\/pages\/40","targetHints":{"allow":["GET"]}}],"collection":[{"href":"https:\/\/artisa-nana.ovh\/index.php\/wp-json\/wp\/v2\/pages"}],"about":[{"href":"https:\/\/artisa-nana.ovh\/index.php\/wp-json\/wp\/v2\/types\/page"}],"author":[{"embeddable":true,"href":"https:\/\/artisa-nana.ovh\/index.php\/wp-json\/wp\/v2\/users\/1"}],"replies":[{"embeddable":true,"href":"https:\/\/artisa-nana.ovh\/index.php\/wp-json\/wp\/v2\/comments?post=40"}],"version-history":[{"count":24,"href":"https:\/\/artisa-nana.ovh\/index.php\/wp-json\/wp\/v2\/pages\/40\/revisions"}],"predecessor-version":[{"id":304,"href":"https:\/\/artisa-nana.ovh\/index.php\/wp-json\/wp\/v2\/pages\/40\/revisions\/304"}],"wp:attachment":[{"href":"https:\/\/artisa-nana.ovh\/index.php\/wp-json\/wp\/v2\/media?parent=40"}],"curies":[{"name":"wp","href":"https:\/\/api.w.org\/{rel}","templated":true}]}}